{"id":99,"date":"2018-12-16T19:19:01","date_gmt":"2018-12-16T19:19:01","guid":{"rendered":"http:\/\/dosareauto.datemobile.ro\/?page_id=99"},"modified":"2024-11-21T09:42:08","modified_gmt":"2024-11-21T09:42:08","slug":"despre-noi-2","status":"publish","type":"page","link":"https:\/\/dosareauto.ro\/","title":{"rendered":"Despre noi"},"content":{"rendered":"<div class=\"wpb-content-wrapper\"><p>[vc_row css_animation=&#8221;&#8221; row_type=&#8221;row&#8221; use_row_as_full_screen_section=&#8221;no&#8221; type=&#8221;full_width&#8221; angled_section=&#8221;no&#8221; text_align=&#8221;left&#8221; background_image_as_pattern=&#8221;without_pattern&#8221;][vc_column][vc_empty_space][\/vc_column][\/vc_row][vc_row css_animation=&#8221;&#8221; row_type=&#8221;row&#8221; use_row_as_full_screen_section=&#8221;no&#8221; type=&#8221;full_width&#8221; angled_section=&#8221;no&#8221; text_align=&#8221;left&#8221; background_image_as_pattern=&#8221;without_pattern&#8221; css=&#8221;.vc_custom_1565937103868{margin-right: 20px !important;margin-left: 20px !important;border-right-width: 10px !important;padding-left: 10px !important;}&#8221; z_index=&#8221;&#8221;][vc_column width=&#8221;2\/3&#8243;][vc_empty_space][vc_widget_sidebar title=&#8221;Despre noi&#8221; sidebar_id=&#8221;header_bottom_center&#8221;][vc_separator css_animation=&#8221;bounceInRight&#8221; type=&#8221;normal&#8221; color=&#8221;#12477d&#8221;][vc_column_text css=&#8221;.vc_custom_1732181701025{border-radius: 2px !important;}&#8221; el_class=&#8221;despre noi&#8221;][\/vc_column_text][vc_row_inner row_type=&#8221;row&#8221; type=&#8221;grid&#8221; text_align=&#8221;left&#8221; css_animation=&#8221;&#8221;][vc_column_inner width=&#8221;1\/2&#8243;][vc_single_image image=&#8221;943&#8243; img_size=&#8221;medium&#8221; add_caption=&#8221;yes&#8221; alignment=&#8221;center&#8221; style=&#8221;vc_box_outline&#8221; css=&#8221;&#8221; qode_css_animation=&#8221;&#8221; qode_hover_animation=&#8221;zoom_in&#8221;][\/vc_column_inner][vc_column_inner width=&#8221;1\/2&#8243;][vc_column_text css=&#8221;.vc_custom_1732180723448{background-position: center !important;background-repeat: no-repeat !important;background-size: cover !important;}&#8221;]<\/p>\n<p style=\"text-align: justify;\">Biroul \u0219i site-ul DOSAREAUTO.RO \u00eenseamn\u0103 experien\u021ba a 10 ani de activitate \u00een domeniul \u00eenmatricul\u0103rilor auto \u0219i al asigurarilor. Din momentul lans\u0103rii p\u00e2n\u0103 \u00een prezent biroul de copiat acte din Drobeta Turnu Severin \u0219i site-ul au mul\u021bumit mii de proprietari de autoturisme, fapt ce ne onoreaz\u0103 \u0219i ne responsabilizeaz\u0103 \u00een acela\u0219i timp.<\/p>\n<p>[show_more more=&#8221;Cite\u0219te mai mult&#8221; less=\u00cenapoi]<\/p>\n<p style=\"text-align: justify;\">Timpul e resursa ta cea mai de pret. De ce sa ti-l irosesti pe formalitati, drumuri si asteptat la cozi? Ocupa-te de aspecte cu adevarat importante! Deasemenea, dorim s\u0103 oferim servicii de \u00eenmatriculare auto si RCA la cele mai convenabile preturi. Atu-ul nostru este personalizarea serviciilor pentru fiecare client \u00een parte. Suntem \u00een permanen\u021b\u0103 partenerul cel mai de \u00eencredere al clien\u021bilor no\u0219tri.<\/p>\n<p style=\"text-align: center;\">Echipa DosareAuto<span style=\"display: inline !important; float: none; background-color: transparent; color: #333333; cursor: text; font-family: Georgia,'Times New Roman','Bitstream Charter',Times,serif; font-size: 16px; font-style: normal; font-variant: normal; font-weight: 400; letter-spacing: normal; orphans: 2; text-align: left; text-decoration: none; text-indent: 0px; text-transform: none; -webkit-text-stroke-width: 0px; white-space: normal; word-spacing: 0px;\">[\/show_more]<\/span><\/p>\n<p>[\/vc_column_text][\/vc_column_inner][\/vc_row_inner][vc_row_inner row_type=&#8221;row&#8221; type=&#8221;full_width&#8221; text_align=&#8221;left&#8221; css_animation=&#8221;&#8221;][vc_column_inner][vc_empty_space][vc_single_image image=&#8221;555&#8243; img_size=&#8221;full&#8221; css=&#8221;&#8221; qode_css_animation=&#8221;&#8221;][\/vc_column_inner][\/vc_row_inner][\/vc_column][vc_column width=&#8221;1\/3&#8243;][vc_empty_space][vc_widget_sidebar title=&#8221;Biroul nostru&#8221; sidebar_id=&#8221;left_side_fixed&#8221;][vc_separator css_animation=&#8221;bounceInRight&#8221; type=&#8221;normal&#8221; color=&#8221;#12477d&#8221;][rev_slider_vc alias=&#8221;dosare_car&#8221;][vc_column_text css=&#8221;.vc_custom_1565936522821{background-position: center !important;background-repeat: no-repeat !important;background-size: cover !important;border-radius: 2px !important;}&#8221;]<\/p>\n<p style=\"text-align: center;\"><strong>Dr.Tr.Severin, Str. Nicolae Iorga nr. 4A, Dr.Tr.Severin,\u00a0vis a vis de RAR MH, Jud. Mehedin\u021bi.<\/strong><\/p>\n<p style=\"text-align: center;\"><strong>Telefon 0720\/00.15.34<\/strong><\/p>\n<p>[\/vc_column_text][vc_facebook type=&#8221;box_count&#8221; css_animation=&#8221;bounceInRight&#8221; css=&#8221;&#8221;][vc_empty_space height=&#8221;14px&#8221;][\/vc_column][\/vc_row]<\/p>\n<\/div>","protected":false},"excerpt":{"rendered":"<p>[vc_row css_animation=&#8221;&#8221; row_type=&#8221;row&#8221; use_row_as_full_screen_section=&#8221;no&#8221; type=&#8221;full_width&#8221; angled_section=&#8221;no&#8221; text_align=&#8221;left&#8221; background_image_as_pattern=&#8221;without_pattern&#8221;][vc_column][vc_empty_space][\/vc_column][\/vc_row][vc_row css_animation=&#8221;&#8221; row_type=&#8221;row&#8221; use_row_as_full_screen_section=&#8221;no&#8221; type=&#8221;full_width&#8221; angled_section=&#8221;no&#8221; text_align=&#8221;left&#8221; background_image_as_pattern=&#8221;without_pattern&#8221; css=&#8221;.vc_custom_1565937103868{margin-right: 20px !important;margin-left: 20px !important;border-right-width: 10px !important;padding-left: 10px !important;}&#8221; z_index=&#8221;&#8221;][vc_column width=&#8221;2\/3&#8243;][vc_empty_space][vc_widget_sidebar title=&#8221;Despre noi&#8221; sidebar_id=&#8221;header_bottom_center&#8221;][vc_separator css_animation=&#8221;bounceInRight&#8221; type=&#8221;normal&#8221; color=&#8221;#12477d&#8221;][vc_column_text css=&#8221;.vc_custom_1732181701025{border-radius: 2px !important;}&#8221; el_class=&#8221;despre noi&#8221;][\/vc_column_text][vc_row_inner row_type=&#8221;row&#8221; type=&#8221;grid&#8221; text_align=&#8221;left&#8221; css_animation=&#8221;&#8221;][vc_column_inner width=&#8221;1\/2&#8243;][vc_single_image image=&#8221;943&#8243; img_size=&#8221;medium&#8221; add_caption=&#8221;yes&#8221;&#8230;<\/p>\n","protected":false},"author":1,"featured_media":0,"parent":0,"menu_order":0,"comment_status":"closed","ping_status":"closed","template":"full_width.php","meta":{"footnotes":""},"_links":{"self":[{"href":"https:\/\/dosareauto.ro\/index.php?rest_route=\/wp\/v2\/pages\/99"}],"collection":[{"href":"https:\/\/dosareauto.ro\/index.php?rest_route=\/wp\/v2\/pages"}],"about":[{"href":"https:\/\/dosareauto.ro\/index.php?rest_route=\/wp\/v2\/types\/page"}],"author":[{"embeddable":true,"href":"https:\/\/dosareauto.ro\/index.php?rest_route=\/wp\/v2\/users\/1"}],"replies":[{"embeddable":true,"href":"https:\/\/dosareauto.ro\/index.php?rest_route=%2Fwp%2Fv2%2Fcomments&post=99"}],"version-history":[{"count":259,"href":"https:\/\/dosareauto.ro\/index.php?rest_route=\/wp\/v2\/pages\/99\/revisions"}],"predecessor-version":[{"id":964,"href":"https:\/\/dosareauto.ro\/index.php?rest_route=\/wp\/v2\/pages\/99\/revisions\/964"}],"wp:attachment":[{"href":"https:\/\/dosareauto.ro\/index.php?rest_route=%2Fwp%2Fv2%2Fmedia&parent=99"}],"curies":[{"name":"wp","href":"https:\/\/api.w.org\/{rel}","templated":true}]}}